{"id":257,"date":"2024-08-21T12:41:01","date_gmt":"2024-08-21T10:41:01","guid":{"rendered":"https:\/\/ciekawanauka.pl\/?page_id=257"},"modified":"2025-09-19T13:41:40","modified_gmt":"2025-09-19T11:41:40","slug":"uczestnictwo","status":"publish","type":"page","link":"https:\/\/ciekawanauka.pl\/?page_id=257","title":{"rendered":"Uczestnictwo"},"content":{"rendered":"\t\t<div data-elementor-type=\"wp-page\" data-elementor-id=\"257\" class=\"elementor elementor-257\">\n\t\t\t\t<div class=\"elementor-element elementor-element-6ed0cc56 e-grid e-con-boxed e-con e-parent\" data-id=\"6ed0cc56\" data-element_type=\"container\" data-e-type=\"container\">\n\t\t\t\t\t<div class=\"e-con-inner\">\n\t\t<div class=\"elementor-element elementor-element-7b3baa67 e-grid e-con-boxed e-con e-child\" data-id=\"7b3baa67\" data-element_type=\"container\" data-e-type=\"container\">\n\t\t\t\t\t<div class=\"e-con-inner\">\n\t\t\t\t<div class=\"elementor-element elementor-element-2a8a81b9 elementor-widget__width-auto elementor-widget elementor-widget-heading\" data-id=\"2a8a81b9\" data-element_type=\"widget\" data-e-type=\"widget\" data-widget_type=\"heading.default\">\n\t\t\t\t<div class=\"elementor-widget-container\">\n\t\t\t\t\t<h1 class=\"elementor-heading-title elementor-size-default\">Ciekawa nauka<\/h1>\t\t\t\t<\/div>\n\t\t\t\t<\/div>\n\t\t\t\t\t<\/div>\n\t\t\t\t<\/div>\n\t\t\t\t<div class=\"elementor-element elementor-element-1b5eecaa elementor-widget elementor-widget-image\" data-id=\"1b5eecaa\" data-element_type=\"widget\" data-e-type=\"widget\" data-widget_type=\"image.default\">\n\t\t\t\t<div class=\"elementor-widget-container\">\n\t\t\t\t\t\t\t\t\t\t\t\t\t\t\t<img decoding=\"async\" width=\"300\" height=\"69\" src=\"https:\/\/ciekawanauka.pl\/wp-content\/uploads\/2024\/07\/logoUE-dofinansowanie-300x69.jpg\" class=\"attachment-medium size-medium wp-image-124\" alt=\"\" srcset=\"https:\/\/ciekawanauka.pl\/wp-content\/uploads\/2024\/07\/logoUE-dofinansowanie-300x69.jpg 300w, https:\/\/ciekawanauka.pl\/wp-content\/uploads\/2024\/07\/logoUE-dofinansowanie.jpg 543w\" sizes=\"(max-width: 300px) 100vw, 300px\" \/>\t\t\t\t\t\t\t\t\t\t\t\t\t\t\t<\/div>\n\t\t\t\t<\/div>\n\t\t\t\t\t<\/div>\n\t\t\t\t<\/div>\n\t\t<div class=\"elementor-element elementor-element-d0864b3 e-flex e-con-boxed e-con e-parent\" data-id=\"d0864b3\" data-element_type=\"container\" data-e-type=\"container\" data-settings=\"{&quot;background_background&quot;:&quot;classic&quot;}\">\n\t\t\t\t\t<div class=\"e-con-inner\">\n\t\t<div class=\"elementor-element elementor-element-6f96b830 e-con-full e-flex e-con e-child\" data-id=\"6f96b830\" data-element_type=\"container\" data-e-type=\"container\" data-settings=\"{&quot;background_background&quot;:&quot;classic&quot;}\">\n\t\t\t\t<div class=\"elementor-element elementor-element-5130f805 elementor-widget elementor-widget-text-editor\" data-id=\"5130f805\" data-element_type=\"widget\" data-e-type=\"widget\" data-widget_type=\"text-editor.default\">\n\t\t\t\t<div class=\"elementor-widget-container\">\n\t\t\t\t\t\t\t\t\t<h2 class=\"elementor-heading-title elementor-size-default elementor-inline-editing pen\" contenteditable=\"true\" data-elementor-setting-key=\"title\" data-pen-placeholder=\"Pisz tutaj...\">Deklaracje uczestnictwa<\/h2>\t\t\t\t\t\t\t\t<\/div>\n\t\t\t\t<\/div>\n\t\t\t\t<div class=\"elementor-element elementor-element-66b5e3ae elementor-widget elementor-widget-text-editor\" data-id=\"66b5e3ae\" data-element_type=\"widget\" data-e-type=\"widget\" data-widget_type=\"text-editor.default\">\n\t\t\t\t<div class=\"elementor-widget-container\">\n\t\t\t\t\t\t\t\t\t<p><em>Uczniowie (ich rodzice\/opiekunowie) wype\u0142niaj\u0105 deklaracje uczestnictwa i przekazuj\u0105 je wychowawcom klas. Ka\u017cdy ucze\u0144 sk\u0142ada deklaracj\u0119 jeden raz w czasie trwania projektu. Zakres danych osobowych (w deklaracji) zosta\u0142 okre\u015blony\u00a0 przez Ministra Funduszy i Polityki Regionalnej. Wi\u0119cej na ten temat &#8211; w informacji o rekrutacji (poni\u017cej).<\/em><\/p><p><em>Deklaracja uczestnictwa jest dwustronna i ma format A5 (na kartce A4 znajduj\u0105 si\u0119 dwie deklaracje, kt\u00f3re po wydrukowaniu nale\u017cy rozci\u0105\u0107).<\/em><\/p><p><strong>DO POBRANIA:<\/strong><\/p><ul><li>Deklaracja uczestnictwa &#8211; <strong><a href=\"https:\/\/ciekawanauka.pl\/wp-content\/uploads\/2024\/09\/Deklaracja1.pdf\"><span style=\"color: #ffffff;\"><span style=\"color: #ff9900;\">strona 1<\/span><\/span><\/a><\/strong><\/li><li>Deklaracja uczestnictwa &#8211; <strong><a href=\"https:\/\/ciekawanauka.pl\/wp-content\/uploads\/2024\/12\/Deklaracja-2.pdf\"><span style=\"color: #ffffff;\"><span style=\"color: #ff9900;\">strona 2<\/span><\/span><\/a><\/strong><\/li><li><strong><span style=\"color: #ff9900;\"><a style=\"color: #ff9900;\" href=\"https:\/\/ciekawanauka.pl\/wp-content\/uploads\/2024\/09\/Rekrutacja-informacja-2024-25.pdf\">Informacja<\/a><\/span><\/strong> o rekrutacji<\/li><li><span style=\"color: #ffffff;\"><strong><span style=\"color: #ff9900;\"><a style=\"color: #ff9900;\" href=\"https:\/\/ciekawanauka.pl\/wp-content\/uploads\/2024\/09\/klauzula-informacyjna.pdf\">Klauzula informacyjna<\/a><\/span>\u00a0<\/strong>IZ FEWL\u00a0<\/span><\/li><li><span style=\"color: #ffffff;\"><strong><span style=\"color: #ff9900;\"><a style=\"color: #ff9900;\" href=\"https:\/\/ciekawanauka.pl\/wp-content\/uploads\/2024\/12\/klauzula-informacyjna2.pdf\">Klauzula <span style=\"color: #ff9900;\">informacyjna<\/span><\/a><\/span>\u00a0<\/strong>PTE\u00a0<\/span><\/li><li><strong><span style=\"color: #ff9900;\"><a style=\"color: #ff9900;\" href=\"https:\/\/ciekawanauka.pl\/wp-content\/uploads\/2025\/09\/CN-plakat-A3-SLT.pdf\">Plakat projektowy<\/a><\/span><\/strong><\/li><\/ul>\t\t\t\t\t\t\t\t<\/div>\n\t\t\t\t<\/div>\n\t\t\t\t<\/div>\n\t\t<div class=\"elementor-element elementor-element-2bd6b0e4 e-con-full e-flex e-con e-child\" data-id=\"2bd6b0e4\" data-element_type=\"container\" data-e-type=\"container\">\n\t\t<div class=\"elementor-element elementor-element-10349f59 e-con-full e-flex e-con e-child\" data-id=\"10349f59\" data-element_type=\"container\" data-e-type=\"container\" data-settings=\"{&quot;background_background&quot;:&quot;classic&quot;}\">\n\t\t\t\t<div class=\"elementor-element elementor-element-5e7a1c3b elementor-align-right elementor-widget elementor-widget-button\" data-id=\"5e7a1c3b\" data-element_type=\"widget\" data-e-type=\"widget\" data-widget_type=\"button.default\">\n\t\t\t\t<div class=\"elementor-widget-container\">\n\t\t\t\t\t\t\t\t\t<div class=\"elementor-button-wrapper\">\n\t\t\t\t\t<a class=\"elementor-button elementor-button-link elementor-size-sm elementor-animation-grow\" href=\"https:\/\/ciekawanauka.pl\/\">\n\t\t\t\t\t\t<span class=\"elementor-button-content-wrapper\">\n\t\t\t\t\t\t<span class=\"elementor-button-icon\">\n\t\t\t\t<svg aria-hidden=\"true\" class=\"e-font-icon-svg e-far-arrow-alt-circle-right\" viewBox=\"0 0 512 512\" xmlns=\"http:\/\/www.w3.org\/2000\/svg\"><path d=\"M504 256C504 119 393 8 256 8S8 119 8 256s111 248 248 248 248-111 248-248zm-448 0c0-110.5 89.5-200 200-200s200 89.5 200 200-89.5 200-200 200S56 366.5 56 256zm72 20v-40c0-6.6 5.4-12 12-12h116v-67c0-10.7 12.9-16 20.5-8.5l99 99c4.7 4.7 4.7 12.3 0 17l-99 99c-7.6 7.6-20.5 2.2-20.5-8.5v-67H140c-6.6 0-12-5.4-12-12z\"><\/path><\/svg>\t\t\t<\/span>\n\t\t\t\t\t\t\t\t\t<span class=\"elementor-button-text\">Powr\u00f3t na stron\u0119 g\u0142\u00f3wn\u0105<\/span>\n\t\t\t\t\t<\/span>\n\t\t\t\t\t<\/a>\n\t\t\t\t<\/div>\n\t\t\t\t\t\t\t\t<\/div>\n\t\t\t\t<\/div>\n\t\t\t\t<\/div>\n\t\t<div class=\"elementor-element elementor-element-11cb197d e-con-full e-flex e-con e-child\" data-id=\"11cb197d\" data-element_type=\"container\" data-e-type=\"container\" data-settings=\"{&quot;background_background&quot;:&quot;classic&quot;}\">\n\t\t\t\t<div class=\"elementor-element elementor-element-727f5bff elementor-widget elementor-widget-image\" data-id=\"727f5bff\" data-element_type=\"widget\" data-e-type=\"widget\" data-widget_type=\"image.default\">\n\t\t\t\t<div class=\"elementor-widget-container\">\n\t\t\t\t\t\t\t\t\t\t\t\t<figure class=\"wp-caption\">\n\t\t\t\t\t\t\t\t\t\t\t<a href=\"http:\/\/www.ciekawanauka.pl\">\n\t\t\t\t\t\t\t<img fetchpriority=\"high\" decoding=\"async\" width=\"1024\" height=\"731\" src=\"https:\/\/ciekawanauka.pl\/wp-content\/uploads\/2024\/07\/3657947-1024x731.jpg\" class=\"attachment-large size-large wp-image-26\" alt=\"\" srcset=\"https:\/\/ciekawanauka.pl\/wp-content\/uploads\/2024\/07\/3657947-1024x731.jpg 1024w, https:\/\/ciekawanauka.pl\/wp-content\/uploads\/2024\/07\/3657947-300x214.jpg 300w, https:\/\/ciekawanauka.pl\/wp-content\/uploads\/2024\/07\/3657947-768x549.jpg 768w, https:\/\/ciekawanauka.pl\/wp-content\/uploads\/2024\/07\/3657947-1536x1097.jpg 1536w, https:\/\/ciekawanauka.pl\/wp-content\/uploads\/2024\/07\/3657947-2048x1463.jpg 2048w\" sizes=\"(max-width: 1024px) 100vw, 1024px\" \/>\t\t\t\t\t\t\t\t<\/a>\n\t\t\t\t\t\t\t\t\t\t\t<figcaption class=\"widget-image-caption wp-caption-text\">Designed by Freepik - www.freepik.com<\/figcaption>\n\t\t\t\t\t\t\t\t\t\t<\/figure>\n\t\t\t\t\t\t\t\t\t<\/div>\n\t\t\t\t<\/div>\n\t\t\t\t<\/div>\n\t\t\t\t<\/div>\n\t\t\t\t\t<\/div>\n\t\t\t\t<\/div>\n\t\t<div class=\"elementor-element elementor-element-608b931d e-grid e-con-boxed e-con e-parent\" data-id=\"608b931d\" data-element_type=\"container\" data-e-type=\"container\">\n\t\t\t\t\t<div class=\"e-con-inner\">\n\t\t\t\t<div class=\"elementor-element elementor-element-37b8119c elementor-widget__width-initial elementor-widget elementor-widget-image\" data-id=\"37b8119c\" data-element_type=\"widget\" data-e-type=\"widget\" data-widget_type=\"image.default\">\n\t\t\t\t<div class=\"elementor-widget-container\">\n\t\t\t\t\t\t\t\t\t\t\t\t\t\t\t<img decoding=\"async\" width=\"963\" height=\"77\" src=\"https:\/\/ciekawanauka.pl\/wp-content\/uploads\/2024\/07\/logoUE-pasek-kolor.jpg\" class=\"attachment-large size-large wp-image-120\" alt=\"\" srcset=\"https:\/\/ciekawanauka.pl\/wp-content\/uploads\/2024\/07\/logoUE-pasek-kolor.jpg 963w, https:\/\/ciekawanauka.pl\/wp-content\/uploads\/2024\/07\/logoUE-pasek-kolor-300x24.jpg 300w, https:\/\/ciekawanauka.pl\/wp-content\/uploads\/2024\/07\/logoUE-pasek-kolor-768x61.jpg 768w\" sizes=\"(max-width: 963px) 100vw, 963px\" \/>\t\t\t\t\t\t\t\t\t\t\t\t\t\t\t<\/div>\n\t\t\t\t<\/div>\n\t\t\t\t\t<\/div>\n\t\t\t\t<\/div>\n\t\t\t\t<\/div>\n\t\t","protected":false},"excerpt":{"rendered":"<p>Ciekawa nauka Deklaracje uczestnictwa Uczniowie (ich rodzice\/opiekunowie) wype\u0142niaj\u0105 deklaracje uczestnictwa i przekazuj\u0105 je wychowawcom klas. Ka\u017cdy ucze\u0144 sk\u0142ada deklaracj\u0119 jeden raz w czasie trwania projektu. Zakres danych osobowych (w deklaracji) zosta\u0142 okre\u015blony\u00a0 przez Ministra Funduszy i Polityki Regionalnej. Wi\u0119cej na ten temat &#8211; w informacji o rekrutacji (poni\u017cej). Deklaracja uczestnictwa jest dwustronna i ma format [&hellip;]<\/p>\n","protected":false},"author":1,"featured_media":0,"parent":0,"menu_order":0,"comment_status":"closed","ping_status":"closed","template":"","meta":{"footnotes":""},"class_list":["post-257","page","type-page","status-publish","hentry"],"yoast_head":"<!-- This site is optimized with the Yoast SEO plugin v23.1 - https:\/\/yoast.com\/wordpress\/plugins\/seo\/ -->\n<title>Uczestnictwo - Ciekawa nauka<\/title>\n<meta name=\"robots\" content=\"index, follow, max-snippet:-1, max-image-preview:large, max-video-preview:-1\" \/>\n<link rel=\"canonical\" href=\"https:\/\/ciekawanauka.pl\/?page_id=257\" \/>\n<meta property=\"og:locale\" content=\"en_US\" \/>\n<meta property=\"og:type\" content=\"article\" \/>\n<meta property=\"og:title\" content=\"Uczestnictwo - Ciekawa nauka\" \/>\n<meta property=\"og:description\" content=\"Ciekawa nauka Deklaracje uczestnictwa Uczniowie (ich rodzice\/opiekunowie) wype\u0142niaj\u0105 deklaracje uczestnictwa i przekazuj\u0105 je wychowawcom klas. Ka\u017cdy ucze\u0144 sk\u0142ada deklaracj\u0119 jeden raz w czasie trwania projektu. Zakres danych osobowych (w deklaracji) zosta\u0142 okre\u015blony\u00a0 przez Ministra Funduszy i Polityki Regionalnej. Wi\u0119cej na ten temat &#8211; w informacji o rekrutacji (poni\u017cej). Deklaracja uczestnictwa jest dwustronna i ma format [&hellip;]\" \/>\n<meta property=\"og:url\" content=\"https:\/\/ciekawanauka.pl\/?page_id=257\" \/>\n<meta property=\"og:site_name\" content=\"Ciekawa nauka\" \/>\n<meta property=\"article:modified_time\" content=\"2025-09-19T11:41:40+00:00\" \/>\n<meta property=\"og:image\" content=\"https:\/\/ciekawanauka.pl\/wp-content\/uploads\/2024\/07\/logoUE-dofinansowanie-300x69.jpg\" \/>\n<meta name=\"twitter:card\" content=\"summary_large_image\" \/>\n<meta name=\"twitter:label1\" content=\"Est. reading time\" \/>\n\t<meta name=\"twitter:data1\" content=\"2 minutes\" \/>\n<script type=\"application\/ld+json\" class=\"yoast-schema-graph\">{\"@context\":\"https:\/\/schema.org\",\"@graph\":[{\"@type\":\"WebPage\",\"@id\":\"https:\/\/ciekawanauka.pl\/?page_id=257\",\"url\":\"https:\/\/ciekawanauka.pl\/?page_id=257\",\"name\":\"Uczestnictwo - Ciekawa nauka\",\"isPartOf\":{\"@id\":\"https:\/\/ciekawanauka.pl\/#website\"},\"primaryImageOfPage\":{\"@id\":\"https:\/\/ciekawanauka.pl\/?page_id=257#primaryimage\"},\"image\":{\"@id\":\"https:\/\/ciekawanauka.pl\/?page_id=257#primaryimage\"},\"thumbnailUrl\":\"https:\/\/ciekawanauka.pl\/wp-content\/uploads\/2024\/07\/logoUE-dofinansowanie-300x69.jpg\",\"datePublished\":\"2024-08-21T10:41:01+00:00\",\"dateModified\":\"2025-09-19T11:41:40+00:00\",\"breadcrumb\":{\"@id\":\"https:\/\/ciekawanauka.pl\/?page_id=257#breadcrumb\"},\"inLanguage\":\"en-US\",\"potentialAction\":[{\"@type\":\"ReadAction\",\"target\":[\"https:\/\/ciekawanauka.pl\/?page_id=257\"]}]},{\"@type\":\"ImageObject\",\"inLanguage\":\"en-US\",\"@id\":\"https:\/\/ciekawanauka.pl\/?page_id=257#primaryimage\",\"url\":\"https:\/\/ciekawanauka.pl\/wp-content\/uploads\/2024\/07\/logoUE-dofinansowanie.jpg\",\"contentUrl\":\"https:\/\/ciekawanauka.pl\/wp-content\/uploads\/2024\/07\/logoUE-dofinansowanie.jpg\",\"width\":543,\"height\":125},{\"@type\":\"BreadcrumbList\",\"@id\":\"https:\/\/ciekawanauka.pl\/?page_id=257#breadcrumb\",\"itemListElement\":[{\"@type\":\"ListItem\",\"position\":1,\"name\":\"Home\",\"item\":\"https:\/\/ciekawanauka.pl\/\"},{\"@type\":\"ListItem\",\"position\":2,\"name\":\"Uczestnictwo\"}]},{\"@type\":\"WebSite\",\"@id\":\"https:\/\/ciekawanauka.pl\/#website\",\"url\":\"https:\/\/ciekawanauka.pl\/\",\"name\":\"Ciekawa nauka\",\"description\":\"Projekt edukacyjny\",\"potentialAction\":[{\"@type\":\"SearchAction\",\"target\":{\"@type\":\"EntryPoint\",\"urlTemplate\":\"https:\/\/ciekawanauka.pl\/?s={search_term_string}\"},\"query-input\":\"required name=search_term_string\"}],\"inLanguage\":\"en-US\"}]}<\/script>\n<!-- \/ Yoast SEO plugin. -->","yoast_head_json":{"title":"Uczestnictwo - Ciekawa nauka","robots":{"index":"index","follow":"follow","max-snippet":"max-snippet:-1","max-image-preview":"max-image-preview:large","max-video-preview":"max-video-preview:-1"},"canonical":"https:\/\/ciekawanauka.pl\/?page_id=257","og_locale":"en_US","og_type":"article","og_title":"Uczestnictwo - Ciekawa nauka","og_description":"Ciekawa nauka Deklaracje uczestnictwa Uczniowie (ich rodzice\/opiekunowie) wype\u0142niaj\u0105 deklaracje uczestnictwa i przekazuj\u0105 je wychowawcom klas. Ka\u017cdy ucze\u0144 sk\u0142ada deklaracj\u0119 jeden raz w czasie trwania projektu. Zakres danych osobowych (w deklaracji) zosta\u0142 okre\u015blony\u00a0 przez Ministra Funduszy i Polityki Regionalnej. Wi\u0119cej na ten temat &#8211; w informacji o rekrutacji (poni\u017cej). Deklaracja uczestnictwa jest dwustronna i ma format [&hellip;]","og_url":"https:\/\/ciekawanauka.pl\/?page_id=257","og_site_name":"Ciekawa nauka","article_modified_time":"2025-09-19T11:41:40+00:00","og_image":[{"url":"https:\/\/ciekawanauka.pl\/wp-content\/uploads\/2024\/07\/logoUE-dofinansowanie-300x69.jpg"}],"twitter_card":"summary_large_image","twitter_misc":{"Est. reading time":"2 minutes"},"schema":{"@context":"https:\/\/schema.org","@graph":[{"@type":"WebPage","@id":"https:\/\/ciekawanauka.pl\/?page_id=257","url":"https:\/\/ciekawanauka.pl\/?page_id=257","name":"Uczestnictwo - Ciekawa nauka","isPartOf":{"@id":"https:\/\/ciekawanauka.pl\/#website"},"primaryImageOfPage":{"@id":"https:\/\/ciekawanauka.pl\/?page_id=257#primaryimage"},"image":{"@id":"https:\/\/ciekawanauka.pl\/?page_id=257#primaryimage"},"thumbnailUrl":"https:\/\/ciekawanauka.pl\/wp-content\/uploads\/2024\/07\/logoUE-dofinansowanie-300x69.jpg","datePublished":"2024-08-21T10:41:01+00:00","dateModified":"2025-09-19T11:41:40+00:00","breadcrumb":{"@id":"https:\/\/ciekawanauka.pl\/?page_id=257#breadcrumb"},"inLanguage":"en-US","potentialAction":[{"@type":"ReadAction","target":["https:\/\/ciekawanauka.pl\/?page_id=257"]}]},{"@type":"ImageObject","inLanguage":"en-US","@id":"https:\/\/ciekawanauka.pl\/?page_id=257#primaryimage","url":"https:\/\/ciekawanauka.pl\/wp-content\/uploads\/2024\/07\/logoUE-dofinansowanie.jpg","contentUrl":"https:\/\/ciekawanauka.pl\/wp-content\/uploads\/2024\/07\/logoUE-dofinansowanie.jpg","width":543,"height":125},{"@type":"BreadcrumbList","@id":"https:\/\/ciekawanauka.pl\/?page_id=257#breadcrumb","itemListElement":[{"@type":"ListItem","position":1,"name":"Home","item":"https:\/\/ciekawanauka.pl\/"},{"@type":"ListItem","position":2,"name":"Uczestnictwo"}]},{"@type":"WebSite","@id":"https:\/\/ciekawanauka.pl\/#website","url":"https:\/\/ciekawanauka.pl\/","name":"Ciekawa nauka","description":"Projekt edukacyjny","potentialAction":[{"@type":"SearchAction","target":{"@type":"EntryPoint","urlTemplate":"https:\/\/ciekawanauka.pl\/?s={search_term_string}"},"query-input":"required name=search_term_string"}],"inLanguage":"en-US"}]}},"_links":{"self":[{"href":"https:\/\/ciekawanauka.pl\/index.php?rest_route=\/wp\/v2\/pages\/257","targetHints":{"allow":["GET"]}}],"collection":[{"href":"https:\/\/ciekawanauka.pl\/index.php?rest_route=\/wp\/v2\/pages"}],"about":[{"href":"https:\/\/ciekawanauka.pl\/index.php?rest_route=\/wp\/v2\/types\/page"}],"author":[{"embeddable":true,"href":"https:\/\/ciekawanauka.pl\/index.php?rest_route=\/wp\/v2\/users\/1"}],"replies":[{"embeddable":true,"href":"https:\/\/ciekawanauka.pl\/index.php?rest_route=%2Fwp%2Fv2%2Fcomments&post=257"}],"version-history":[{"count":58,"href":"https:\/\/ciekawanauka.pl\/index.php?rest_route=\/wp\/v2\/pages\/257\/revisions"}],"predecessor-version":[{"id":1115,"href":"https:\/\/ciekawanauka.pl\/index.php?rest_route=\/wp\/v2\/pages\/257\/revisions\/1115"}],"wp:attachment":[{"href":"https:\/\/ciekawanauka.pl\/index.php?rest_route=%2Fwp%2Fv2%2Fmedia&parent=257"}],"curies":[{"name":"wp","href":"https:\/\/api.w.org\/{rel}","templated":true}]}}