{"id":23,"date":"2024-07-23T14:25:51","date_gmt":"2024-07-23T12:25:51","guid":{"rendered":"https:\/\/ciekawanauka.pl\/?page_id=23"},"modified":"2026-04-22T08:27:47","modified_gmt":"2026-04-22T06:27:47","slug":"elementor-strona-460","status":"publish","type":"page","link":"https:\/\/ciekawanauka.pl\/","title":{"rendered":"strona g\u0142\u00f3wna"},"content":{"rendered":"\t\t<div data-elementor-type=\"wp-post\" data-elementor-id=\"23\" class=\"elementor elementor-23\">\n\t\t\t\t<div class=\"elementor-element elementor-element-0c9a1ed e-grid e-con-boxed e-con e-parent\" data-id=\"0c9a1ed\" data-element_type=\"container\" data-e-type=\"container\">\n\t\t\t\t\t<div class=\"e-con-inner\">\n\t\t\t\t<div class=\"elementor-element elementor-element-325ea8f elementor-widget__width-auto elementor-widget elementor-widget-heading\" data-id=\"325ea8f\" data-element_type=\"widget\" data-e-type=\"widget\" data-widget_type=\"heading.default\">\n\t\t\t\t<div class=\"elementor-widget-container\">\n\t\t\t\t\t<h1 class=\"elementor-heading-title elementor-size-default\">Ciekawa nauka <\/h1>\t\t\t\t<\/div>\n\t\t\t\t<\/div>\n\t\t\t\t<div class=\"elementor-element elementor-element-2dd70c0 elementor-widget elementor-widget-image\" data-id=\"2dd70c0\" data-element_type=\"widget\" data-e-type=\"widget\" data-widget_type=\"image.default\">\n\t\t\t\t<div class=\"elementor-widget-container\">\n\t\t\t\t\t\t\t\t\t\t\t\t\t\t\t\t<a href=\"https:\/\/ciekawanauka.pl\/?page_id=296\">\n\t\t\t\t\t\t\t<img decoding=\"async\" width=\"300\" height=\"69\" src=\"https:\/\/ciekawanauka.pl\/wp-content\/uploads\/2024\/07\/logoUE-dofinansowanie-300x69.jpg\" class=\"attachment-medium size-medium wp-image-124\" alt=\"\" srcset=\"https:\/\/ciekawanauka.pl\/wp-content\/uploads\/2024\/07\/logoUE-dofinansowanie-300x69.jpg 300w, https:\/\/ciekawanauka.pl\/wp-content\/uploads\/2024\/07\/logoUE-dofinansowanie.jpg 543w\" sizes=\"(max-width: 300px) 100vw, 300px\" \/>\t\t\t\t\t\t\t\t<\/a>\n\t\t\t\t\t\t\t\t\t\t\t\t\t\t\t<\/div>\n\t\t\t\t<\/div>\n\t\t\t\t\t<\/div>\n\t\t\t\t<\/div>\n\t\t<div class=\"elementor-element elementor-element-06e21eb e-grid e-con-boxed e-con e-parent\" data-id=\"06e21eb\" data-element_type=\"container\" data-e-type=\"container\" data-settings=\"{&quot;background_background&quot;:&quot;classic&quot;}\">\n\t\t\t\t\t<div class=\"e-con-inner\">\n\t\t\t\t<div class=\"elementor-element elementor-element-f4aa68f elementor-widget elementor-widget-image\" data-id=\"f4aa68f\" data-element_type=\"widget\" data-e-type=\"widget\" data-widget_type=\"image.default\">\n\t\t\t\t<div class=\"elementor-widget-container\">\n\t\t\t\t\t\t\t\t\t\t\t\t<figure class=\"wp-caption\">\n\t\t\t\t\t\t\t\t\t\t\t<a href=\"http:\/\/www.ciekawanauka.pl\">\n\t\t\t\t\t\t\t<img fetchpriority=\"high\" decoding=\"async\" width=\"1024\" height=\"731\" src=\"https:\/\/ciekawanauka.pl\/wp-content\/uploads\/2024\/07\/3657947-1024x731.jpg\" class=\"attachment-large size-large wp-image-26\" alt=\"\" srcset=\"https:\/\/ciekawanauka.pl\/wp-content\/uploads\/2024\/07\/3657947-1024x731.jpg 1024w, https:\/\/ciekawanauka.pl\/wp-content\/uploads\/2024\/07\/3657947-300x214.jpg 300w, https:\/\/ciekawanauka.pl\/wp-content\/uploads\/2024\/07\/3657947-768x549.jpg 768w, https:\/\/ciekawanauka.pl\/wp-content\/uploads\/2024\/07\/3657947-1536x1097.jpg 1536w, https:\/\/ciekawanauka.pl\/wp-content\/uploads\/2024\/07\/3657947-2048x1463.jpg 2048w\" sizes=\"(max-width: 1024px) 100vw, 1024px\" \/>\t\t\t\t\t\t\t\t<\/a>\n\t\t\t\t\t\t\t\t\t\t\t<figcaption class=\"widget-image-caption wp-caption-text\">Designed by Freepik - www.freepik.com<\/figcaption>\n\t\t\t\t\t\t\t\t\t\t<\/figure>\n\t\t\t\t\t\t\t\t\t<\/div>\n\t\t\t\t<\/div>\n\t\t\t\t<div class=\"elementor-element elementor-element-85f4fa1 elementor-widget__width-initial elementor-widget elementor-widget-text-editor\" data-id=\"85f4fa1\" data-element_type=\"widget\" data-e-type=\"widget\" data-widget_type=\"text-editor.default\">\n\t\t\t\t<div class=\"elementor-widget-container\">\n\t\t\t\t\t\t\t\t\t<p><small>Projekt realizowany w 55 publicznych szko\u0142ach podstawowych i liceach og\u00f3lnokszta\u0142c\u0105cych\u00a0&#8211;\u00a0w okresie 09.2024 &#8211; 12.2026 &#8211; w\u00a0Zielonog\u00f3rsko-Nowosolskim Obszarze Funkcjonalnym, kt\u00f3ry tworz\u0105 gminy: Czerwie\u0144sk, Nowa S\u00f3l, Nowogr\u00f3d Bobrza\u0144ski, Oty\u0144, Sulech\u00f3w, \u015awidnica, Zab\u00f3r, Zielona G\u00f3ra.<\/small><\/p><p style=\"text-align: right;\"><a href=\"https:\/\/www.funduszeeuropejskie.gov.pl\/\"><span style=\"color: #00ffff;\">#FunduszeEuropejskie<\/span><\/a><\/p><hr \/><p style=\"text-align: center;\"><span style=\"color: #ffff00;\"><small>Harmonogramy zaj\u0119\u0107 w Centrum Nauki Keplera i Parku Fizyki znajduj\u0105 si\u0119 w zak\u0142adce <\/small><\/span><a style=\"color: #ffffff;\" href=\"https:\/\/ciekawanauka.pl\/?page_id=233\"><strong>ZAJ\u0118CIA ROZWIJAJ\u0104CE<\/strong><\/a><\/p><hr \/><p><small>Od 23 marca rozpocz\u0119\u0142y si\u0119 zaj\u0119cia projektowe w trzech nowych laboratoriach: dw\u00f3ch w Centrum Przyrodniczym (<span style=\"color: #ccffff;\">chemiczno-fizyczne<\/span> oraz <span style=\"color: #ccffff;\">biologiczne<\/span>) i jednym w Planetarium Wenus (<span style=\"color: #ccffff;\">nowoczesnych technologii<\/span>). Harmonogram zaj\u0119\u0107 w laboratoriach znajduje si\u0119 na stronie projektu (<span style=\"color: #ffff00;\"><a style=\"color: #ffff00;\" href=\"https:\/\/ciekawanauka.pl\/?page_id=460\">w ramach harmonogramu zaj\u0119\u0107 rozwijaj\u0105cych<\/a><\/span>). Zaj\u0119cia zaczynaj\u0105 si\u0119 od 8:30 i trwaj\u0105 3 godziny lekcyjne. Grupy do ka\u017cdego laboratorium licz\u0105 ok. 10-os\u00f3b.<\/small><\/p>\t\t\t\t\t\t\t\t<\/div>\n\t\t\t\t<\/div>\n\t\t\t\t\t<\/div>\n\t\t\t\t<\/div>\n\t\t<div class=\"elementor-element elementor-element-320a055 e-grid e-con-boxed e-con e-parent\" data-id=\"320a055\" data-element_type=\"container\" data-e-type=\"container\">\n\t\t\t\t\t<div class=\"e-con-inner\">\n\t\t\t\t<div class=\"elementor-element elementor-element-d448295 elementor-align-justify elementor-widget elementor-widget-button\" data-id=\"d448295\" data-element_type=\"widget\" data-e-type=\"widget\" data-widget_type=\"button.default\">\n\t\t\t\t<div class=\"elementor-widget-container\">\n\t\t\t\t\t\t\t\t\t<div class=\"elementor-button-wrapper\">\n\t\t\t\t\t<a class=\"elementor-button elementor-button-link elementor-size-sm elementor-animation-shrink\" href=\"https:\/\/ciekawanauka.pl\/?page_id=233\">\n\t\t\t\t\t\t<span class=\"elementor-button-content-wrapper\">\n\t\t\t\t\t\t\t\t\t<span class=\"elementor-button-text\">ZAJ\u0118CIA ROZWIJAJ\u0104CE<\/span>\n\t\t\t\t\t<\/span>\n\t\t\t\t\t<\/a>\n\t\t\t\t<\/div>\n\t\t\t\t\t\t\t\t<\/div>\n\t\t\t\t<\/div>\n\t\t\t\t<div class=\"elementor-element elementor-element-383bc26 elementor-align-justify elementor-widget elementor-widget-button\" data-id=\"383bc26\" data-element_type=\"widget\" data-e-type=\"widget\" data-widget_type=\"button.default\">\n\t\t\t\t<div class=\"elementor-widget-container\">\n\t\t\t\t\t\t\t\t\t<div class=\"elementor-button-wrapper\">\n\t\t\t\t\t<a class=\"elementor-button elementor-button-link elementor-size-sm elementor-animation-shrink\" href=\"https:\/\/ciekawanauka.pl\/?page_id=140\">\n\t\t\t\t\t\t<span class=\"elementor-button-content-wrapper\">\n\t\t\t\t\t\t\t\t\t<span class=\"elementor-button-text\">ZAJ\u0118CIA WYR\u00d3WNAWCZE<\/span>\n\t\t\t\t\t<\/span>\n\t\t\t\t\t<\/a>\n\t\t\t\t<\/div>\n\t\t\t\t\t\t\t\t<\/div>\n\t\t\t\t<\/div>\n\t\t\t\t<div class=\"elementor-element elementor-element-9511201 elementor-align-justify elementor-widget elementor-widget-button\" data-id=\"9511201\" data-element_type=\"widget\" data-e-type=\"widget\" data-widget_type=\"button.default\">\n\t\t\t\t<div class=\"elementor-widget-container\">\n\t\t\t\t\t\t\t\t\t<div class=\"elementor-button-wrapper\">\n\t\t\t\t\t<a class=\"elementor-button elementor-button-link elementor-size-sm elementor-animation-shrink\" href=\"https:\/\/ciekawanauka.pl\/?page_id=249\">\n\t\t\t\t\t\t<span class=\"elementor-button-content-wrapper\">\n\t\t\t\t\t\t\t\t\t<span class=\"elementor-button-text\">DORADZTWO ZAWODOWE<\/span>\n\t\t\t\t\t<\/span>\n\t\t\t\t\t<\/a>\n\t\t\t\t<\/div>\n\t\t\t\t\t\t\t\t<\/div>\n\t\t\t\t<\/div>\n\t\t\t\t\t<\/div>\n\t\t\t\t<\/div>\n\t\t<div class=\"elementor-element elementor-element-13e1181 e-grid e-con-boxed e-con e-parent\" data-id=\"13e1181\" data-element_type=\"container\" data-e-type=\"container\">\n\t\t\t\t\t<div class=\"e-con-inner\">\n\t\t\t\t<div class=\"elementor-element elementor-element-2fe6f06 elementor-button-info elementor-align-justify elementor-widget elementor-widget-button\" data-id=\"2fe6f06\" data-element_type=\"widget\" data-e-type=\"widget\" data-widget_type=\"button.default\">\n\t\t\t\t<div class=\"elementor-widget-container\">\n\t\t\t\t\t\t\t\t\t<div class=\"elementor-button-wrapper\">\n\t\t\t\t\t<a class=\"elementor-button elementor-button-link elementor-size-sm elementor-animation-shrink\" href=\"https:\/\/ciekawanauka.pl\/?page_id=257\">\n\t\t\t\t\t\t<span class=\"elementor-button-content-wrapper\">\n\t\t\t\t\t\t<span class=\"elementor-button-icon\">\n\t\t\t\t<svg aria-hidden=\"true\" class=\"e-font-icon-svg e-far-file-word\" viewBox=\"0 0 384 512\" xmlns=\"http:\/\/www.w3.org\/2000\/svg\"><path d=\"M369.9 97.9L286 14C277 5 264.8-.1 252.1-.1H48C21.5 0 0 21.5 0 48v416c0 26.5 21.5 48 48 48h288c26.5 0 48-21.5 48-48V131.9c0-12.7-5.1-25-14.1-34zM332.1 128H256V51.9l76.1 76.1zM48 464V48h160v104c0 13.3 10.7 24 24 24h104v288H48zm220.1-208c-5.7 0-10.6 4-11.7 9.5-20.6 97.7-20.4 95.4-21 103.5-.2-1.2-.4-2.6-.7-4.3-.8-5.1.3.2-23.6-99.5-1.3-5.4-6.1-9.2-11.7-9.2h-13.3c-5.5 0-10.3 3.8-11.7 9.1-24.4 99-24 96.2-24.8 103.7-.1-1.1-.2-2.5-.5-4.2-.7-5.2-14.1-73.3-19.1-99-1.1-5.6-6-9.7-11.8-9.7h-16.8c-7.8 0-13.5 7.3-11.7 14.8 8 32.6 26.7 109.5 33.2 136 1.3 5.4 6.1 9.1 11.7 9.1h25.2c5.5 0 10.3-3.7 11.6-9.1l17.9-71.4c1.5-6.2 2.5-12 3-17.3l2.9 17.3c.1.4 12.6 50.5 17.9 71.4 1.3 5.3 6.1 9.1 11.6 9.1h24.7c5.5 0 10.3-3.7 11.6-9.1 20.8-81.9 30.2-119 34.5-136 1.9-7.6-3.8-14.9-11.6-14.9h-15.8z\"><\/path><\/svg>\t\t\t<\/span>\n\t\t\t\t\t\t\t\t\t<span class=\"elementor-button-text\">Uczestnictwo<\/span>\n\t\t\t\t\t<\/span>\n\t\t\t\t\t<\/a>\n\t\t\t\t<\/div>\n\t\t\t\t\t\t\t\t<\/div>\n\t\t\t\t<\/div>\n\t\t\t\t<div class=\"elementor-element elementor-element-627b6e8 elementor-align-justify elementor-widget elementor-widget-button\" data-id=\"627b6e8\" data-element_type=\"widget\" data-e-type=\"widget\" data-widget_type=\"button.default\">\n\t\t\t\t<div class=\"elementor-widget-container\">\n\t\t\t\t\t\t\t\t\t<div class=\"elementor-button-wrapper\">\n\t\t\t\t\t<a class=\"elementor-button elementor-button-link elementor-size-sm elementor-animation-shrink\" href=\"https:\/\/ciekawanauka.pl\/?page_id=296\">\n\t\t\t\t\t\t<span class=\"elementor-button-content-wrapper\">\n\t\t\t\t\t\t<span class=\"elementor-button-icon\">\n\t\t\t\t<svg aria-hidden=\"true\" class=\"e-font-icon-svg e-far-list-alt\" viewBox=\"0 0 512 512\" xmlns=\"http:\/\/www.w3.org\/2000\/svg\"><path d=\"M464 32H48C21.49 32 0 53.49 0 80v352c0 26.51 21.49 48 48 48h416c26.51 0 48-21.49 48-48V80c0-26.51-21.49-48-48-48zm-6 400H54a6 6 0 0 1-6-6V86a6 6 0 0 1 6-6h404a6 6 0 0 1 6 6v340a6 6 0 0 1-6 6zm-42-92v24c0 6.627-5.373 12-12 12H204c-6.627 0-12-5.373-12-12v-24c0-6.627 5.373-12 12-12h200c6.627 0 12 5.373 12 12zm0-96v24c0 6.627-5.373 12-12 12H204c-6.627 0-12-5.373-12-12v-24c0-6.627 5.373-12 12-12h200c6.627 0 12 5.373 12 12zm0-96v24c0 6.627-5.373 12-12 12H204c-6.627 0-12-5.373-12-12v-24c0-6.627 5.373-12 12-12h200c6.627 0 12 5.373 12 12zm-252 12c0 19.882-16.118 36-36 36s-36-16.118-36-36 16.118-36 36-36 36 16.118 36 36zm0 96c0 19.882-16.118 36-36 36s-36-16.118-36-36 16.118-36 36-36 36 16.118 36 36zm0 96c0 19.882-16.118 36-36 36s-36-16.118-36-36 16.118-36 36-36 36 16.118 36 36z\"><\/path><\/svg>\t\t\t<\/span>\n\t\t\t\t\t\t\t\t\t<span class=\"elementor-button-text\">O projekcie<\/span>\n\t\t\t\t\t<\/span>\n\t\t\t\t\t<\/a>\n\t\t\t\t<\/div>\n\t\t\t\t\t\t\t\t<\/div>\n\t\t\t\t<\/div>\n\t\t\t\t<div class=\"elementor-element elementor-element-7f95765 elementor-align-justify elementor-widget elementor-widget-button\" data-id=\"7f95765\" data-element_type=\"widget\" data-e-type=\"widget\" data-widget_type=\"button.default\">\n\t\t\t\t<div class=\"elementor-widget-container\">\n\t\t\t\t\t\t\t\t\t<div class=\"elementor-button-wrapper\">\n\t\t\t\t\t<a class=\"elementor-button elementor-button-link elementor-size-sm elementor-animation-shrink\" href=\"https:\/\/ciekawanauka.pl\/?page_id=286\">\n\t\t\t\t\t\t<span class=\"elementor-button-content-wrapper\">\n\t\t\t\t\t\t<span class=\"elementor-button-icon\">\n\t\t\t\t<svg aria-hidden=\"true\" class=\"e-font-icon-svg e-far-address-card\" viewBox=\"0 0 576 512\" xmlns=\"http:\/\/www.w3.org\/2000\/svg\"><path d=\"M528 32H48C21.5 32 0 53.5 0 80v352c0 26.5 21.5 48 48 48h480c26.5 0 48-21.5 48-48V80c0-26.5-21.5-48-48-48zm0 400H48V80h480v352zM208 256c35.3 0 64-28.7 64-64s-28.7-64-64-64-64 28.7-64 64 28.7 64 64 64zm-89.6 128h179.2c12.4 0 22.4-8.6 22.4-19.2v-19.2c0-31.8-30.1-57.6-67.2-57.6-10.8 0-18.7 8-44.8 8-26.9 0-33.4-8-44.8-8-37.1 0-67.2 25.8-67.2 57.6v19.2c0 10.6 10 19.2 22.4 19.2zM360 320h112c4.4 0 8-3.6 8-8v-16c0-4.4-3.6-8-8-8H360c-4.4 0-8 3.6-8 8v16c0 4.4 3.6 8 8 8zm0-64h112c4.4 0 8-3.6 8-8v-16c0-4.4-3.6-8-8-8H360c-4.4 0-8 3.6-8 8v16c0 4.4 3.6 8 8 8zm0-64h112c4.4 0 8-3.6 8-8v-16c0-4.4-3.6-8-8-8H360c-4.4 0-8 3.6-8 8v16c0 4.4 3.6 8 8 8z\"><\/path><\/svg>\t\t\t<\/span>\n\t\t\t\t\t\t\t\t\t<span class=\"elementor-button-text\">Kontakt<\/span>\n\t\t\t\t\t<\/span>\n\t\t\t\t\t<\/a>\n\t\t\t\t<\/div>\n\t\t\t\t\t\t\t\t<\/div>\n\t\t\t\t<\/div>\n\t\t\t\t\t<\/div>\n\t\t\t\t<\/div>\n\t\t<div class=\"elementor-element elementor-element-ecfb922 e-grid e-con-boxed e-con e-parent\" data-id=\"ecfb922\" data-element_type=\"container\" data-e-type=\"container\">\n\t\t\t\t\t<div class=\"e-con-inner\">\n\t\t\t\t<div class=\"elementor-element elementor-element-2c056a6 elementor-widget elementor-widget-image\" data-id=\"2c056a6\" data-element_type=\"widget\" data-e-type=\"widget\" data-widget_type=\"image.default\">\n\t\t\t\t<div class=\"elementor-widget-container\">\n\t\t\t\t\t\t\t\t\t\t\t\t\t\t\t<img decoding=\"async\" width=\"963\" height=\"77\" src=\"https:\/\/ciekawanauka.pl\/wp-content\/uploads\/2024\/07\/logoUE-pasek-kolor.jpg\" class=\"attachment-large size-large wp-image-120\" alt=\"\" srcset=\"https:\/\/ciekawanauka.pl\/wp-content\/uploads\/2024\/07\/logoUE-pasek-kolor.jpg 963w, https:\/\/ciekawanauka.pl\/wp-content\/uploads\/2024\/07\/logoUE-pasek-kolor-300x24.jpg 300w, https:\/\/ciekawanauka.pl\/wp-content\/uploads\/2024\/07\/logoUE-pasek-kolor-768x61.jpg 768w\" sizes=\"(max-width: 963px) 100vw, 963px\" \/>\t\t\t\t\t\t\t\t\t\t\t\t\t\t\t<\/div>\n\t\t\t\t<\/div>\n\t\t\t\t\t<\/div>\n\t\t\t\t<\/div>\n\t\t\t\t<\/div>\n\t\t","protected":false},"excerpt":{"rendered":"<p>Ciekawa nauka Designed by Freepik &#8211; www.freepik.com Projekt realizowany w 55 publicznych szko\u0142ach podstawowych i liceach og\u00f3lnokszta\u0142c\u0105cych\u00a0&#8211;\u00a0w okresie 09.2024 &#8211; 12.2026 &#8211; w\u00a0Zielonog\u00f3rsko-Nowosolskim Obszarze Funkcjonalnym, kt\u00f3ry tworz\u0105 gminy: Czerwie\u0144sk, Nowa S\u00f3l, Nowogr\u00f3d Bobrza\u0144ski, Oty\u0144, Sulech\u00f3w, \u015awidnica, Zab\u00f3r, Zielona G\u00f3ra. #FunduszeEuropejskie Harmonogramy zaj\u0119\u0107 w Centrum Nauki Keplera i Parku Fizyki znajduj\u0105 si\u0119 w zak\u0142adce ZAJ\u0118CIA ROZWIJAJ\u0104CE [&hellip;]<\/p>\n","protected":false},"author":1,"featured_media":26,"parent":0,"menu_order":0,"comment_status":"closed","ping_status":"closed","template":"","meta":{"footnotes":""},"class_list":["post-23","page","type-page","status-publish","has-post-thumbnail","hentry"],"yoast_head":"<!-- This site is optimized with the Yoast SEO plugin v23.1 - https:\/\/yoast.com\/wordpress\/plugins\/seo\/ -->\n<title>strona g\u0142\u00f3wna - Ciekawa nauka<\/title>\n<meta name=\"robots\" content=\"index, follow, max-snippet:-1, max-image-preview:large, max-video-preview:-1\" \/>\n<link rel=\"canonical\" href=\"https:\/\/ciekawanauka.pl\/\" \/>\n<meta property=\"og:locale\" content=\"en_US\" \/>\n<meta property=\"og:type\" content=\"article\" \/>\n<meta property=\"og:title\" content=\"strona g\u0142\u00f3wna - Ciekawa nauka\" \/>\n<meta property=\"og:description\" content=\"Ciekawa nauka Designed by Freepik &#8211; www.freepik.com Projekt realizowany w 55 publicznych szko\u0142ach podstawowych i liceach og\u00f3lnokszta\u0142c\u0105cych\u00a0&#8211;\u00a0w okresie 09.2024 &#8211; 12.2026 &#8211; w\u00a0Zielonog\u00f3rsko-Nowosolskim Obszarze Funkcjonalnym, kt\u00f3ry tworz\u0105 gminy: Czerwie\u0144sk, Nowa S\u00f3l, Nowogr\u00f3d Bobrza\u0144ski, Oty\u0144, Sulech\u00f3w, \u015awidnica, Zab\u00f3r, Zielona G\u00f3ra. #FunduszeEuropejskie Harmonogramy zaj\u0119\u0107 w Centrum Nauki Keplera i Parku Fizyki znajduj\u0105 si\u0119 w zak\u0142adce ZAJ\u0118CIA ROZWIJAJ\u0104CE [&hellip;]\" \/>\n<meta property=\"og:url\" content=\"https:\/\/ciekawanauka.pl\/\" \/>\n<meta property=\"og:site_name\" content=\"Ciekawa nauka\" \/>\n<meta property=\"article:modified_time\" content=\"2026-04-22T06:27:47+00:00\" \/>\n<meta property=\"og:image\" content=\"https:\/\/ciekawanauka.pl\/wp-content\/uploads\/2024\/07\/3657947-scaled.jpg\" \/>\n\t<meta property=\"og:image:width\" content=\"2560\" \/>\n\t<meta property=\"og:image:height\" content=\"1829\" \/>\n\t<meta property=\"og:image:type\" content=\"image\/jpeg\" \/>\n<meta name=\"twitter:card\" content=\"summary_large_image\" \/>\n<meta name=\"twitter:label1\" content=\"Est. reading time\" \/>\n\t<meta name=\"twitter:data1\" content=\"2 minutes\" \/>\n<script type=\"application\/ld+json\" class=\"yoast-schema-graph\">{\"@context\":\"https:\/\/schema.org\",\"@graph\":[{\"@type\":\"WebPage\",\"@id\":\"https:\/\/ciekawanauka.pl\/\",\"url\":\"https:\/\/ciekawanauka.pl\/\",\"name\":\"strona g\u0142\u00f3wna - Ciekawa nauka\",\"isPartOf\":{\"@id\":\"https:\/\/ciekawanauka.pl\/#website\"},\"primaryImageOfPage\":{\"@id\":\"https:\/\/ciekawanauka.pl\/#primaryimage\"},\"image\":{\"@id\":\"https:\/\/ciekawanauka.pl\/#primaryimage\"},\"thumbnailUrl\":\"https:\/\/ciekawanauka.pl\/wp-content\/uploads\/2024\/07\/3657947-scaled.jpg\",\"datePublished\":\"2024-07-23T12:25:51+00:00\",\"dateModified\":\"2026-04-22T06:27:47+00:00\",\"breadcrumb\":{\"@id\":\"https:\/\/ciekawanauka.pl\/#breadcrumb\"},\"inLanguage\":\"en-US\",\"potentialAction\":[{\"@type\":\"ReadAction\",\"target\":[\"https:\/\/ciekawanauka.pl\/\"]}]},{\"@type\":\"ImageObject\",\"inLanguage\":\"en-US\",\"@id\":\"https:\/\/ciekawanauka.pl\/#primaryimage\",\"url\":\"https:\/\/ciekawanauka.pl\/wp-content\/uploads\/2024\/07\/3657947-scaled.jpg\",\"contentUrl\":\"https:\/\/ciekawanauka.pl\/wp-content\/uploads\/2024\/07\/3657947-scaled.jpg\",\"width\":2560,\"height\":1829,\"caption\":\"Designed by Freepik - www.freepik.com\"},{\"@type\":\"BreadcrumbList\",\"@id\":\"https:\/\/ciekawanauka.pl\/#breadcrumb\",\"itemListElement\":[{\"@type\":\"ListItem\",\"position\":1,\"name\":\"Home\",\"item\":\"https:\/\/ciekawanauka.pl\/\"},{\"@type\":\"ListItem\",\"position\":2,\"name\":\"strona g\u0142\u00f3wna\"}]},{\"@type\":\"WebSite\",\"@id\":\"https:\/\/ciekawanauka.pl\/#website\",\"url\":\"https:\/\/ciekawanauka.pl\/\",\"name\":\"Ciekawa nauka\",\"description\":\"Projekt edukacyjny\",\"potentialAction\":[{\"@type\":\"SearchAction\",\"target\":{\"@type\":\"EntryPoint\",\"urlTemplate\":\"https:\/\/ciekawanauka.pl\/?s={search_term_string}\"},\"query-input\":\"required name=search_term_string\"}],\"inLanguage\":\"en-US\"}]}<\/script>\n<!-- \/ Yoast SEO plugin. -->","yoast_head_json":{"title":"strona g\u0142\u00f3wna - Ciekawa nauka","robots":{"index":"index","follow":"follow","max-snippet":"max-snippet:-1","max-image-preview":"max-image-preview:large","max-video-preview":"max-video-preview:-1"},"canonical":"https:\/\/ciekawanauka.pl\/","og_locale":"en_US","og_type":"article","og_title":"strona g\u0142\u00f3wna - Ciekawa nauka","og_description":"Ciekawa nauka Designed by Freepik &#8211; www.freepik.com Projekt realizowany w 55 publicznych szko\u0142ach podstawowych i liceach og\u00f3lnokszta\u0142c\u0105cych\u00a0&#8211;\u00a0w okresie 09.2024 &#8211; 12.2026 &#8211; w\u00a0Zielonog\u00f3rsko-Nowosolskim Obszarze Funkcjonalnym, kt\u00f3ry tworz\u0105 gminy: Czerwie\u0144sk, Nowa S\u00f3l, Nowogr\u00f3d Bobrza\u0144ski, Oty\u0144, Sulech\u00f3w, \u015awidnica, Zab\u00f3r, Zielona G\u00f3ra. #FunduszeEuropejskie Harmonogramy zaj\u0119\u0107 w Centrum Nauki Keplera i Parku Fizyki znajduj\u0105 si\u0119 w zak\u0142adce ZAJ\u0118CIA ROZWIJAJ\u0104CE [&hellip;]","og_url":"https:\/\/ciekawanauka.pl\/","og_site_name":"Ciekawa nauka","article_modified_time":"2026-04-22T06:27:47+00:00","og_image":[{"width":2560,"height":1829,"url":"https:\/\/ciekawanauka.pl\/wp-content\/uploads\/2024\/07\/3657947-scaled.jpg","type":"image\/jpeg"}],"twitter_card":"summary_large_image","twitter_misc":{"Est. reading time":"2 minutes"},"schema":{"@context":"https:\/\/schema.org","@graph":[{"@type":"WebPage","@id":"https:\/\/ciekawanauka.pl\/","url":"https:\/\/ciekawanauka.pl\/","name":"strona g\u0142\u00f3wna - Ciekawa nauka","isPartOf":{"@id":"https:\/\/ciekawanauka.pl\/#website"},"primaryImageOfPage":{"@id":"https:\/\/ciekawanauka.pl\/#primaryimage"},"image":{"@id":"https:\/\/ciekawanauka.pl\/#primaryimage"},"thumbnailUrl":"https:\/\/ciekawanauka.pl\/wp-content\/uploads\/2024\/07\/3657947-scaled.jpg","datePublished":"2024-07-23T12:25:51+00:00","dateModified":"2026-04-22T06:27:47+00:00","breadcrumb":{"@id":"https:\/\/ciekawanauka.pl\/#breadcrumb"},"inLanguage":"en-US","potentialAction":[{"@type":"ReadAction","target":["https:\/\/ciekawanauka.pl\/"]}]},{"@type":"ImageObject","inLanguage":"en-US","@id":"https:\/\/ciekawanauka.pl\/#primaryimage","url":"https:\/\/ciekawanauka.pl\/wp-content\/uploads\/2024\/07\/3657947-scaled.jpg","contentUrl":"https:\/\/ciekawanauka.pl\/wp-content\/uploads\/2024\/07\/3657947-scaled.jpg","width":2560,"height":1829,"caption":"Designed by Freepik - www.freepik.com"},{"@type":"BreadcrumbList","@id":"https:\/\/ciekawanauka.pl\/#breadcrumb","itemListElement":[{"@type":"ListItem","position":1,"name":"Home","item":"https:\/\/ciekawanauka.pl\/"},{"@type":"ListItem","position":2,"name":"strona g\u0142\u00f3wna"}]},{"@type":"WebSite","@id":"https:\/\/ciekawanauka.pl\/#website","url":"https:\/\/ciekawanauka.pl\/","name":"Ciekawa nauka","description":"Projekt edukacyjny","potentialAction":[{"@type":"SearchAction","target":{"@type":"EntryPoint","urlTemplate":"https:\/\/ciekawanauka.pl\/?s={search_term_string}"},"query-input":"required name=search_term_string"}],"inLanguage":"en-US"}]}},"_links":{"self":[{"href":"https:\/\/ciekawanauka.pl\/index.php?rest_route=\/wp\/v2\/pages\/23","targetHints":{"allow":["GET"]}}],"collection":[{"href":"https:\/\/ciekawanauka.pl\/index.php?rest_route=\/wp\/v2\/pages"}],"about":[{"href":"https:\/\/ciekawanauka.pl\/index.php?rest_route=\/wp\/v2\/types\/page"}],"author":[{"embeddable":true,"href":"https:\/\/ciekawanauka.pl\/index.php?rest_route=\/wp\/v2\/users\/1"}],"replies":[{"embeddable":true,"href":"https:\/\/ciekawanauka.pl\/index.php?rest_route=%2Fwp%2Fv2%2Fcomments&post=23"}],"version-history":[{"count":196,"href":"https:\/\/ciekawanauka.pl\/index.php?rest_route=\/wp\/v2\/pages\/23\/revisions"}],"predecessor-version":[{"id":1173,"href":"https:\/\/ciekawanauka.pl\/index.php?rest_route=\/wp\/v2\/pages\/23\/revisions\/1173"}],"wp:featuredmedia":[{"embeddable":true,"href":"https:\/\/ciekawanauka.pl\/index.php?rest_route=\/wp\/v2\/media\/26"}],"wp:attachment":[{"href":"https:\/\/ciekawanauka.pl\/index.php?rest_route=%2Fwp%2Fv2%2Fmedia&parent=23"}],"curies":[{"name":"wp","href":"https:\/\/api.w.org\/{rel}","templated":true}]}}